{"id":301,"date":"2021-01-14T23:19:06","date_gmt":"2021-01-14T22:19:06","guid":{"rendered":"http:\/\/osteopathe-trinite-sur-mer.fr\/?page_id=301"},"modified":"2022-01-22T19:10:57","modified_gmt":"2022-01-22T18:10:57","slug":"jacques-saada","status":"publish","type":"page","link":"https:\/\/osteopathe-trinite-sur-mer.fr\/?page_id=301","title":{"rendered":"Jacques SAADA"},"content":{"rendered":"<p>[et_pb_section fb_built=\u00a0\u00bb1&Prime; custom_padding_last_edited=\u00a0\u00bbon|tablet\u00a0\u00bb admin_label=\u00a0\u00bbHeader\u00a0\u00bb _builder_version=\u00a0\u00bb4.8.0&Prime; background_color=\u00a0\u00bb#182844&Prime; custom_padding_tablet=\u00a0\u00bb0px||||false|false\u00a0\u00bb custom_padding_phone=\u00a0\u00bb\u00a0\u00bb locked=\u00a0\u00bbon\u00a0\u00bb][et_pb_row column_structure=\u00a0\u00bb3_5,2_5&Prime; custom_padding_last_edited=\u00a0\u00bbon|phone\u00a0\u00bb _builder_version=\u00a0\u00bb4.8.0&Prime; background_color=\u00a0\u00bb#f4f0e8&Prime; width_tablet=\u00a0\u00bb100%\u00a0\u00bb width_phone=\u00a0\u00bb\u00a0\u00bb width_last_edited=\u00a0\u00bbon|tablet\u00a0\u00bb custom_padding=\u00a0\u00bb60px||30px|70px|false|false\u00a0\u00bb custom_padding_tablet=\u00a0\u00bb40px|40px|40px|40px|true|true\u00a0\u00bb custom_padding_phone=\u00a0\u00bb||||false\u00a0\u00bb locked=\u00a0\u00bbon\u00a0\u00bb][et_pb_column type=\u00a0\u00bb3_5&Prime; _builder_version=\u00a0\u00bb4.8.0&Prime;][et_pb_text _builder_version=\u00a0\u00bb4.8.0&Prime; text_font=\u00a0\u00bbMuli||||||||\u00a0\u00bb text_line_height=\u00a0\u00bb1.8em\u00a0\u00bb header_font=\u00a0\u00bbMuli||||||||\u00a0\u00bb header_font_size=\u00a0\u00bb60px\u00a0\u00bb header_letter_spacing=\u00a0\u00bb2px\u00a0\u00bb header_line_height=\u00a0\u00bb1.5em\u00a0\u00bb header_2_font=\u00a0\u00bbMuli||||||||\u00a0\u00bb header_2_font_size=\u00a0\u00bb24px\u00a0\u00bb header_2_letter_spacing=\u00a0\u00bb3px\u00a0\u00bb header_2_line_height=\u00a0\u00bb3em\u00a0\u00bb text_font_size_tablet=\u00a0\u00bb16px\u00a0\u00bb text_font_size_phone=\u00a0\u00bb15px\u00a0\u00bb text_font_size_last_edited=\u00a0\u00bbon|phone\u00a0\u00bb header_font_tablet=\u00a0\u00bb\u00a0\u00bb header_font_phone=\u00a0\u00bb\u00a0\u00bb header_font_last_edited=\u00a0\u00bbon|phone\u00a0\u00bb header_font_size_tablet=\u00a0\u00bb60px\u00a0\u00bb header_font_size_phone=\u00a0\u00bb42px\u00a0\u00bb header_font_size_last_edited=\u00a0\u00bbon|tablet\u00a0\u00bb locked=\u00a0\u00bboff\u00a0\u00bb]<\/p>\n<h1>Jacques<\/h1>\n<h1>SAADA<\/h1>\n<h2>Un cr\u00e9ateur passionn\u00e9<\/h2>\n<p style=\"text-align: justify;\"><span>Jacques SAADA est tout d&rsquo;abord m\u00e9decin hom\u00e9opathe. Passionn\u00e9 d&rsquo;aviation, il est sp\u00e9cialis\u00e9 en m\u00e9decine a\u00e9rospatiale, pilote et instructeur \u00e0 l&rsquo;a\u00e9roclub de Quiberon.<\/span><\/p>\n<p style=\"text-align: justify;\">Sa premi\u00e8re passion qu&rsquo;est la voile l&rsquo;a amen\u00e9 \u00e0 travailler pour la voilerie Technique Voile, notamment sur le projet de l&rsquo;Hydropt\u00e8re en 1994. Il participe par ailleurs \u00e0 plusieurs courses au large aux c\u00f4t\u00e9s de Eric LOISEAU, Florence ARTHAUD, Mike BIRCH, Laurent BOURGNON, Lo\u00efc CARADEC, Lo\u00efck PEYRON, Philippe POMPON, Eric TABARLY&#8230; ainsi que ses amis de l&rsquo;a\u00e9roclub, Bernard LE BOETTE et Alain GABBAY.<\/p>\n<p style=\"text-align: justify;\">L&rsquo;ost\u00e9opathie arrive enfin dans sa vie. Form\u00e9 au Coll\u00e8ge Ost\u00e9opathique Sutherland de Paris, Jacques SAADA rencontre Thierry JALLAIS et St\u00e9phane NIEL avec qui il fonde de l&rsquo;Institut des Hautes Etudes Ost\u00e9opathique (IdHEO) de Nantes. Il est alors nomm\u00e9 responsable des enseignements m\u00e9dicaux et enseigne la physiologie humaine.<\/p>\n<p style=\"text-align: justify;\">Passionn\u00e9 de chevaux et plus g\u00e9n\u00e9ralement captiv\u00e9 par les animaux, il devient ost\u00e9opathe animalier et cr\u00e9\u00e9 l&rsquo;Institut d&rsquo;Ost\u00e9opathie Animale (InOA), dont il assure la pr\u00e9sidence.<\/p>\n<p>[\/et_pb_text][\/et_pb_column][et_pb_column type=\u00a0\u00bb2_5&Prime; _builder_version=\u00a0\u00bb4.8.0&Prime;][et_pb_image src=\u00a0\u00bbhttp:\/\/osteopathe-trinite-sur-mer.fr\/wp-content\/uploads\/2021\/02\/Jacques-SAADA-Osteopathe-La-Trinite-sur-Mer-2.png\u00a0\u00bb title_text=\u00a0\u00bbJacques SAADA Ost\u00e9opathe La Trinit\u00e9-sur-Mer\u00a0\u00bb _builder_version=\u00a0\u00bb4.8.0&Prime; custom_margin=\u00a0\u00bb|-2vw|||false|false\u00a0\u00bb custom_margin_tablet=\u00a0\u00bb|0vw|||false|false\u00a0\u00bb custom_margin_phone=\u00a0\u00bb||||false|false\u00a0\u00bb custom_margin_last_edited=\u00a0\u00bbon|tablet\u00a0\u00bb scroll_vertical_motion=\u00a0\u00bb0|70|70|100|-1|0|1&Prime; border_width_all=\u00a0\u00bb25px\u00a0\u00bb border_color_all=\u00a0\u00bb#182844&Prime; border_width_all_tablet=\u00a0\u00bb40px\u00a0\u00bb border_width_all_phone=\u00a0\u00bb20px\u00a0\u00bb border_width_all_last_edited=\u00a0\u00bbon|phone\u00a0\u00bb locked=\u00a0\u00bboff\u00a0\u00bb][\/et_pb_image][\/et_pb_column][\/et_pb_row][\/et_pb_section][et_pb_section fb_built=\u00a0\u00bb1&Prime; admin_label=\u00a0\u00bbFeature\u00a0\u00bb _builder_version=\u00a0\u00bb4.8.0&Prime; background_color=\u00a0\u00bb#182844&Prime; custom_padding=\u00a0\u00bb0px||0px|||\u00a0\u00bb locked=\u00a0\u00bbon\u00a0\u00bb][et_pb_row column_structure=\u00a0\u00bb1_2,1_2&Prime; use_custom_gutter=\u00a0\u00bbon\u00a0\u00bb gutter_width=\u00a0\u00bb1&Prime; make_equal=\u00a0\u00bbon\u00a0\u00bb _builder_version=\u00a0\u00bb4.8.0&Prime; background_color=\u00a0\u00bb#ffffff\u00a0\u00bb width=\u00a0\u00bb90%\u00a0\u00bb max_width=\u00a0\u00bb1200px\u00a0\u00bb custom_padding=\u00a0\u00bb0px||0px|||\u00a0\u00bb][et_pb_column type=\u00a0\u00bb1_2&Prime; _builder_version=\u00a0\u00bb4.8.0&Prime; background_image=\u00a0\u00bbhttp:\/\/osteopathe-trinite-sur-mer.fr\/wp-content\/uploads\/2021\/02\/La-trinite-sur-mer-Lombalgie-scaled.jpg\u00a0\u00bb][et_pb_divider show_divider=\u00a0\u00bboff\u00a0\u00bb _builder_version=\u00a0\u00bb3.27.3&Prime; min_height_tablet=\u00a0\u00bb200px\u00a0\u00bb min_height_phone=\u00a0\u00bb200px\u00a0\u00bb min_height_last_edited=\u00a0\u00bbon|desktop\u00a0\u00bb][\/et_pb_divider][\/et_pb_column][et_pb_column type=\u00a0\u00bb1_2&Prime; _builder_version=\u00a0\u00bb3.26.6&Prime; custom_padding=\u00a0\u00bb5vw|40px|5vw|40px|true|true\u00a0\u00bb custom_padding_tablet=\u00a0\u00bb||8vw|40px|false|false\u00a0\u00bb custom_padding_phone=\u00a0\u00bb\u00a0\u00bb custom_padding_last_edited=\u00a0\u00bbon|desktop\u00a0\u00bb][et_pb_text _builder_version=\u00a0\u00bb4.8.0&Prime; text_font=\u00a0\u00bbMuli||||||||\u00a0\u00bb text_line_height=\u00a0\u00bb1.8em\u00a0\u00bb header_2_font=\u00a0\u00bbMuli||||||||\u00a0\u00bb header_2_text_color=\u00a0\u00bb#000000&Prime; header_2_font_size=\u00a0\u00bb39px\u00a0\u00bb header_2_letter_spacing=\u00a0\u00bb3px\u00a0\u00bb header_2_line_height=\u00a0\u00bb1.4em\u00a0\u00bb header_4_font=\u00a0\u00bbMontserrat|700|||||||\u00a0\u00bb header_4_text_color=\u00a0\u00bb#ffc077&Prime; header_4_font_size=\u00a0\u00bb30px\u00a0\u00bb header_4_line_height=\u00a0\u00bb1.4em\u00a0\u00bb custom_padding=\u00a0\u00bb||0px|||\u00a0\u00bb header_2_font_size_tablet=\u00a0\u00bb48px\u00a0\u00bb header_2_font_size_phone=\u00a0\u00bb25px\u00a0\u00bb header_2_font_size_last_edited=\u00a0\u00bbon|desktop\u00a0\u00bb header_4_font_size_tablet=\u00a0\u00bb24px\u00a0\u00bb header_4_font_size_phone=\u00a0\u00bb22px\u00a0\u00bb header_4_font_size_last_edited=\u00a0\u00bbon|tablet\u00a0\u00bb]<\/p>\n<h2 style=\"text-align: justify;\">La Trinit\u00e9-sur-Mer<\/h2>\n<h4 style=\"text-align: justify;\"><\/h4>\n<p style=\"text-align: justify;\">Ost\u00e9opathe \u00e0 La Trinit\u00e9-sur-Mer depuis 1996, il cr\u00e9\u00e9 un cabinet dans le bourg de la ville et s&rsquo;associe en 2001 avec S\u00e9bastien CHARDIGNY.<\/p>\n<p style=\"text-align: justify;\">La dynamique estivale du cabinet laisse l&rsquo;opportunit\u00e9 \u00e0 plusieurs jeunes dipl\u00f4m\u00e9s issus de l&rsquo;IdHEO Nantes de vivre une premi\u00e8re exp\u00e9rience professionnelle. C&rsquo;est le cas de Charlie GARREAU, qui r\u00e9alise des remplacements ponctuels au cabinet depuis 2014 et assure aujourd&rsquo;hui la succession de Jacques SAADA.<span>\u00a0<\/span><\/p>\n<p style=\"text-align: justify;\"><span><\/span><\/p>\n<p style=\"text-align: justify;\">En 2018, Jacques SAADA est nomm\u00e9 Ost\u00e9opathe DO MROF de l\u2019ann\u00e9e par le Registre des Ost\u00e9opathes de France !\u00a0<span>Cette nomination honore son engagement pour la profession et valorise sa qualit\u00e9 d&rsquo;enseignant au sein de l\u2019IdHEO Nantes et de l&rsquo;InOA depuis leur fondation.<\/span><\/p>\n<p>[\/et_pb_text][\/et_pb_column][\/et_pb_row][\/et_pb_section][et_pb_section fb_built=\u00a0\u00bb1&Prime; specialty=\u00a0\u00bbon\u00a0\u00bb _builder_version=\u00a0\u00bb4.8.0&Prime; _module_preset=\u00a0\u00bbdefault\u00a0\u00bb background_color=\u00a0\u00bb#182844&Prime; locked=\u00a0\u00bbon\u00a0\u00bb custom_padding=\u00a0\u00bb||85px|||\u00a0\u00bb][et_pb_column type=\u00a0\u00bb1_2&Prime; specialty_columns=\u00a0\u00bb2&Prime; _builder_version=\u00a0\u00bb3.25&Prime; custom_padding=\u00a0\u00bb|||\u00a0\u00bb custom_padding__hover=\u00a0\u00bb|||\u00a0\u00bb][et_pb_row_inner _builder_version=\u00a0\u00bb4.8.0&Prime; _module_preset=\u00a0\u00bbdefault\u00a0\u00bb][et_pb_column_inner saved_specialty_column_type=\u00a0\u00bb1_2&Prime; _builder_version=\u00a0\u00bb4.8.0&Prime; _module_preset=\u00a0\u00bbdefault\u00a0\u00bb][et_pb_text _builder_version=\u00a0\u00bb4.8.0&Prime; header_2_font=\u00a0\u00bbMuli||||||||\u00a0\u00bb header_2_text_color=\u00a0\u00bb#FFFFFF\u00a0\u00bb header_2_font_size=\u00a0\u00bb39px\u00a0\u00bb header_2_letter_spacing=\u00a0\u00bb3px\u00a0\u00bb header_2_line_height=\u00a0\u00bb1.4em\u00a0\u00bb max_width=\u00a0\u00bb800px\u00a0\u00bb custom_margin=\u00a0\u00bb||-20px|14px|false|false\u00a0\u00bb custom_padding=\u00a0\u00bb|19px||||\u00a0\u00bb header_2_font_size_tablet=\u00a0\u00bb38px\u00a0\u00bb header_2_font_size_phone=\u00a0\u00bb25px\u00a0\u00bb header_2_font_size_last_edited=\u00a0\u00bbon|tablet\u00a0\u00bb header_2_letter_spacing_tablet=\u00a0\u00bb1px\u00a0\u00bb header_2_letter_spacing_phone=\u00a0\u00bb0px\u00a0\u00bb header_2_letter_spacing_last_edited=\u00a0\u00bbon|desktop\u00a0\u00bb locked=\u00a0\u00bboff\u00a0\u00bb]<\/p>\n<h2>Bon vent l&rsquo;ami !<\/h2>\n<p>[\/et_pb_text][\/et_pb_column_inner][\/et_pb_row_inner][et_pb_row_inner _builder_version=\u00a0\u00bb4.8.0&Prime; _module_preset=\u00a0\u00bbdefault\u00a0\u00bb background_enable_color=\u00a0\u00bboff\u00a0\u00bb max_width=\u00a0\u00bb120%\u00a0\u00bb min_height=\u00a0\u00bb284.4px\u00a0\u00bb custom_margin=\u00a0\u00bb15px|0px|0px|-30px|false|false\u00a0\u00bb hover_enabled=\u00a0\u00bb0&Prime; custom_padding=\u00a0\u00bb0px|0px|0px|0px|false|false\u00a0\u00bb sticky_enabled=\u00a0\u00bb0&Prime;][et_pb_column_inner saved_specialty_column_type=\u00a0\u00bb1_2&Prime; _builder_version=\u00a0\u00bb4.8.0&Prime; _module_preset=\u00a0\u00bbdefault\u00a0\u00bb][et_pb_text _builder_version=\u00a0\u00bb4.8.0&Prime; _module_preset=\u00a0\u00bbdefault\u00a0\u00bb text_font=\u00a0\u00bbMuli||||||||\u00a0\u00bb text_line_height=\u00a0\u00bb1.8em\u00a0\u00bb background_color=\u00a0\u00bb#f4f0e8&Prime; width=\u00a0\u00bb97.7%\u00a0\u00bb min_height=\u00a0\u00bb248.6px\u00a0\u00bb custom_margin=\u00a0\u00bb6px|6px||||\u00a0\u00bb custom_padding=\u00a0\u00bb|11px|0px|0px||\u00a0\u00bb box_shadow_style=\u00a0\u00bbpreset5&Prime; box_shadow_spread=\u00a0\u00bb30px\u00a0\u00bb box_shadow_color=\u00a0\u00bb#f4f0e8&Prime; ab_subject=\u00a0\u00bbon\u00a0\u00bb ab_subject_id=\u00a0\u00bb1&Prime; ab_goal=\u00a0\u00bbon\u00a0\u00bb]<\/p>\n<p style=\"text-align: justify;\">Jacques SAADA est parti pour son dernier vol le 25 novembre 2021, \u00e0 la suite d&rsquo;un grave Accident Vasculaire C\u00e9r\u00e9bral subi un an plus t\u00f4t.\u00a0<\/p>\n<p style=\"text-align: justify;\">Jacques a laiss\u00e9 sa patte dans la baie de Quiberon ! Ceux qui ont crois\u00e9 le chemin de ce \u00ab\u00a0touche-\u00e0-tout\u00a0\u00bb se souviendront sans doute de sa bienveillance, son \u00e9coute et sa capacit\u00e9 \u00e0 s&rsquo;investir pour les autres.\u00a0<\/p>\n<p style=\"text-align: justify;\">Nous nous engageons au quotidien pour maintenir le niveau d\u2019excellence que Jacques SAADA avait su insuffler depuis la cr\u00e9ation du cabinet.<\/p>\n<p style=\"text-align: justify;\">Jacques, Merci&#8230;<\/p>\n<p style=\"text-align: justify;\">\n<p>[\/et_pb_text][et_pb_text _builder_version=\u00a0\u00bb4.8.0&Prime; _module_preset=\u00a0\u00bbdefault\u00a0\u00bb text_font=\u00a0\u00bbMuli||||||||\u00a0\u00bb text_line_height=\u00a0\u00bb1.8em\u00a0\u00bb background_color=\u00a0\u00bb#f4f0e8&Prime; custom_margin=\u00a0\u00bb6px|6px||||\u00a0\u00bb custom_padding=\u00a0\u00bb||0px|||\u00a0\u00bb box_shadow_style=\u00a0\u00bbpreset5&Prime; box_shadow_spread=\u00a0\u00bb30px\u00a0\u00bb box_shadow_color=\u00a0\u00bb#f4f0e8&Prime; ab_subject=\u00a0\u00bbon\u00a0\u00bb ab_subject_id=\u00a0\u00bb2&Prime; ab_goal=\u00a0\u00bbon\u00a0\u00bb]<\/p>\n<p>Jacques SAADA est parti pour son dernier vol le 25 novembre 2021, \u00e0 la suite d&rsquo;un grave Accident Vasculaire C\u00e9r\u00e9bral subi un an plus t\u00f4t.\u00a0<\/p>\n<p>Jacques a laiss\u00e9 sa patte dans la baie de Quiberon ! Ceux qui ont crois\u00e9 le chemin de ce \u00ab\u00a0touche-\u00e0-tout\u00a0\u00bb se souviendront sans doute de sa bienveillance, son \u00e9coute et sa capacit\u00e9 \u00e0 s&rsquo;investir pour les autres.\u00a0<\/p>\n<p>Nous nous engageons au quotidien pour maintenir le niveau d\u2019excellence que Jacques SAADA avait su insuffler depuis la cr\u00e9ation du cabinet.<\/p>\n<p>&nbsp;<\/p>\n<p>[\/et_pb_text][\/et_pb_column_inner][\/et_pb_row_inner][\/et_pb_column][et_pb_column type=\u00a0\u00bb1_2&Prime; _builder_version=\u00a0\u00bb3.25&Prime; custom_padding=\u00a0\u00bb|||\u00a0\u00bb custom_padding__hover=\u00a0\u00bb|||\u00a0\u00bb][et_pb_gallery _builder_version=\u00a0\u00bb4.8.0&Prime; _module_preset=\u00a0\u00bbdefault\u00a0\u00bb gallery_ids=\u00a0\u00bb953,951,991,248&Prime; hover_enabled=\u00a0\u00bb0&Prime; sticky_enabled=\u00a0\u00bb0&Prime; show_title_and_caption=\u00a0\u00bboff\u00a0\u00bb show_pagination=\u00a0\u00bboff\u00a0\u00bb transform_scale=\u00a0\u00bb116%|116%\u00a0\u00bb transform_translate=\u00a0\u00bb24px|24px\u00a0\u00bb transform_translate_linked=\u00a0\u00bboff\u00a0\u00bb][\/et_pb_gallery][\/et_pb_column][\/et_pb_section][et_pb_section fb_built=\u00a0\u00bb1&Prime; admin_label=\u00a0\u00bbFooter\u00a0\u00bb _builder_version=\u00a0\u00bb4.8.0&Prime; background_image=\u00a0\u00bbhttp:\/\/osteopathe-trinite-sur-mer.fr\/wp-content\/uploads\/2021\/02\/Osteopathe-Carnac-Saint-Philibert.png\u00a0\u00bb custom_padding=\u00a0\u00bb110px||110px||true|false\u00a0\u00bb locked=\u00a0\u00bbon\u00a0\u00bb][et_pb_row _builder_version=\u00a0\u00bb3.26.5&Prime; width=\u00a0\u00bb79.7%\u00a0\u00bb max_width=\u00a0\u00bbnone\u00a0\u00bb custom_padding=\u00a0\u00bb|0px||||\u00a0\u00bb][et_pb_column type=\u00a0\u00bb4_4&Prime; _builder_version=\u00a0\u00bb3.26.5&Prime;][et_pb_text _builder_version=\u00a0\u00bb4.8.0&Prime; _module_preset=\u00a0\u00bbdefault\u00a0\u00bb text_font=\u00a0\u00bbTangerine||||||||\u00a0\u00bb text_font_size=\u00a0\u00bb38px\u00a0\u00bb text_line_height=\u00a0\u00bb1em\u00a0\u00bb header_font=\u00a0\u00bbMuli||||||||\u00a0\u00bb header_font_size=\u00a0\u00bb17px\u00a0\u00bb]<\/p>\n<p style=\"text-align: left;\"><strong class=\"strongprincipes\">\u201c Le corps poss\u00e8de un pouvoir d&rsquo;autor\u00e9gulation et d&rsquo;auto-gu\u00e9rison \u00ab\u00a0<\/strong><\/p>\n<p>[\/et_pb_text][et_pb_text _builder_version=\u00a0\u00bb4.8.0&Prime; _module_preset=\u00a0\u00bbdefault\u00a0\u00bb text_font=\u00a0\u00bbMichroma||||||||\u00a0\u00bb text_font_size=\u00a0\u00bb9px\u00a0\u00bb text_letter_spacing=\u00a0\u00bb1px\u00a0\u00bb text_line_height=\u00a0\u00bb1em\u00a0\u00bb header_font=\u00a0\u00bbMuli||||||||\u00a0\u00bb header_font_size=\u00a0\u00bb17px\u00a0\u00bb custom_margin=\u00a0\u00bb0px||||false|false\u00a0\u00bb custom_padding=\u00a0\u00bb||||false|true\u00a0\u00bb]<\/p>\n<p style=\"text-align: center;\"><strong class=\"strongprincipes\">Andrew\u00a0 Taylor\u00a0 STILL<\/strong><\/p>\n<p>[\/et_pb_text][\/et_pb_column][\/et_pb_row][\/et_pb_section]<\/p>\n","protected":false},"excerpt":{"rendered":"<p>Jacques SAADA Un cr\u00e9ateur passionn\u00e9 Jacques SAADA est tout d&rsquo;abord m\u00e9decin hom\u00e9opathe. Passionn\u00e9 d&rsquo;aviation, il est sp\u00e9cialis\u00e9 en m\u00e9decine a\u00e9rospatiale, pilote et instructeur \u00e0 l&rsquo;a\u00e9roclub de Quiberon. Sa premi\u00e8re passion qu&rsquo;est la voile l&rsquo;a amen\u00e9 \u00e0 travailler pour la voilerie Technique Voile, notamment sur le projet de l&rsquo;Hydropt\u00e8re en 1994. Il participe par ailleurs \u00e0 [&hellip;]<\/p>\n","protected":false},"author":1,"featured_media":0,"parent":0,"menu_order":0,"comment_status":"closed","ping_status":"closed","template":"","meta":{"_et_pb_use_builder":"on","_et_pb_old_content":"","_et_gb_content_width":"","_monsterinsights_skip_tracking":false,"_monsterinsights_sitenote_active":false,"_monsterinsights_sitenote_note":"","_monsterinsights_sitenote_category":0,"footnotes":""},"yoast_head":"<!-- This site is optimized with the Yoast SEO plugin v23.5 - https:\/\/yoast.com\/wordpress\/plugins\/seo\/ -->\n<title>Jacques SAADA - Cabinet ost\u00e9opathie<\/title>\n<meta name=\"robots\" content=\"index, follow, max-snippet:-1, max-image-preview:large, max-video-preview:-1\" \/>\n<link rel=\"canonical\" href=\"https:\/\/osteopathe-trinite-sur-mer.fr\/?page_id=301\" \/>\n<meta property=\"og:locale\" content=\"fr_FR\" \/>\n<meta property=\"og:type\" content=\"article\" \/>\n<meta property=\"og:title\" content=\"Jacques SAADA - Cabinet ost\u00e9opathie\" \/>\n<meta property=\"og:description\" content=\"Jacques SAADA Un cr\u00e9ateur passionn\u00e9 Jacques SAADA est tout d&#039;abord m\u00e9decin hom\u00e9opathe. Passionn\u00e9 d&#039;aviation, il est sp\u00e9cialis\u00e9 en m\u00e9decine a\u00e9rospatiale, pilote et instructeur \u00e0 l&#039;a\u00e9roclub de Quiberon. Sa premi\u00e8re passion qu&#039;est la voile l&#039;a amen\u00e9 \u00e0 travailler pour la voilerie Technique Voile, notamment sur le projet de l&#039;Hydropt\u00e8re en 1994. Il participe par ailleurs \u00e0 [&hellip;]\" \/>\n<meta property=\"og:url\" content=\"https:\/\/osteopathe-trinite-sur-mer.fr\/?page_id=301\" \/>\n<meta property=\"og:site_name\" content=\"Cabinet ost\u00e9opathie\" \/>\n<meta property=\"article:modified_time\" content=\"2022-01-22T18:10:57+00:00\" \/>\n<meta name=\"twitter:card\" content=\"summary_large_image\" \/>\n<script type=\"application\/ld+json\" class=\"yoast-schema-graph\">{\"@context\":\"https:\/\/schema.org\",\"@graph\":[{\"@type\":\"WebPage\",\"@id\":\"https:\/\/osteopathe-trinite-sur-mer.fr\/?page_id=301\",\"url\":\"https:\/\/osteopathe-trinite-sur-mer.fr\/?page_id=301\",\"name\":\"Jacques SAADA - Cabinet ost\u00e9opathie\",\"isPartOf\":{\"@id\":\"https:\/\/osteopathe-trinite-sur-mer.fr\/#website\"},\"datePublished\":\"2021-01-14T22:19:06+00:00\",\"dateModified\":\"2022-01-22T18:10:57+00:00\",\"breadcrumb\":{\"@id\":\"https:\/\/osteopathe-trinite-sur-mer.fr\/?page_id=301#breadcrumb\"},\"inLanguage\":\"fr-FR\",\"potentialAction\":[{\"@type\":\"ReadAction\",\"target\":[\"https:\/\/osteopathe-trinite-sur-mer.fr\/?page_id=301\"]}]},{\"@type\":\"BreadcrumbList\",\"@id\":\"https:\/\/osteopathe-trinite-sur-mer.fr\/?page_id=301#breadcrumb\",\"itemListElement\":[{\"@type\":\"ListItem\",\"position\":1,\"name\":\"Accueil\",\"item\":\"https:\/\/osteopathe-trinite-sur-mer.fr\/\"},{\"@type\":\"ListItem\",\"position\":2,\"name\":\"Jacques SAADA\"}]},{\"@type\":\"WebSite\",\"@id\":\"https:\/\/osteopathe-trinite-sur-mer.fr\/#website\",\"url\":\"https:\/\/osteopathe-trinite-sur-mer.fr\/\",\"name\":\"Cabinet ost\u00e9opathie la trinit\u00e9-sur-mer\",\"description\":\"Ost\u00e9opathe La Trinit\u00e9 sur Mer\",\"publisher\":{\"@id\":\"https:\/\/osteopathe-trinite-sur-mer.fr\/#organization\"},\"potentialAction\":[{\"@type\":\"SearchAction\",\"target\":{\"@type\":\"EntryPoint\",\"urlTemplate\":\"https:\/\/osteopathe-trinite-sur-mer.fr\/?s={search_term_string}\"},\"query-input\":{\"@type\":\"PropertyValueSpecification\",\"valueRequired\":true,\"valueName\":\"search_term_string\"}}],\"inLanguage\":\"fr-FR\"},{\"@type\":\"Organization\",\"@id\":\"https:\/\/osteopathe-trinite-sur-mer.fr\/#organization\",\"name\":\"Cabinet d'ost\u00e9opathie La Trinit\u00e9-sur-Mer\",\"url\":\"https:\/\/osteopathe-trinite-sur-mer.fr\/\",\"logo\":{\"@type\":\"ImageObject\",\"inLanguage\":\"fr-FR\",\"@id\":\"https:\/\/osteopathe-trinite-sur-mer.fr\/#\/schema\/logo\/image\/\",\"url\":\"https:\/\/osteopathe-trinite-sur-mer.fr\/wp-content\/uploads\/2021\/01\/cropped-Sans-titre-1-Recupere.png\",\"contentUrl\":\"https:\/\/osteopathe-trinite-sur-mer.fr\/wp-content\/uploads\/2021\/01\/cropped-Sans-titre-1-Recupere.png\",\"width\":512,\"height\":512,\"caption\":\"Cabinet d'ost\u00e9opathie La Trinit\u00e9-sur-Mer\"},\"image\":{\"@id\":\"https:\/\/osteopathe-trinite-sur-mer.fr\/#\/schema\/logo\/image\/\"},\"sameAs\":[\"https:\/\/www.linkedin.com\/authwall?trk=gf&amp;amp;amp;amp;amp;trkInfo=AQEANbnrxSoh1gAAAXeBgYDgT7xjQeibya8V8oaFmHH97QHtWvXoBX5tqjyNQMoNgI9cLl50iLhTdA9_xXb6CI2U4lz5J8Cj2UgJdbzhyvxX4QPEH1jCSPmL5UTC8uAezKIEI2Y=&amp;amp;amp;amp;amp;originalReferer=http:\/\/osteopathe-trinite-sur-mer.fr\/&amp;amp;amp;amp;amp;sessionRedirect=https:\/\/fr.linkedin.com\/public-profile\/in\/charlie-garreau-1b1329a7?trk=people-guest_people_search-card&challengeId=AQF7dkC3nH3hOwAAAXdy70dXWRO4gjpYjxinQG76tYNfY095_KObnW78Ew_Uucp0Dq4L8jEeb0Xc0Ep9fdHvAldv1wMgamqVLg&submissionId=c2b1f584-83e5-6016-a3b7-d204edc9ce7f\"]}]}<\/script>\n<!-- \/ Yoast SEO plugin. -->","yoast_head_json":{"title":"Jacques SAADA - Cabinet ost\u00e9opathie","robots":{"index":"index","follow":"follow","max-snippet":"max-snippet:-1","max-image-preview":"max-image-preview:large","max-video-preview":"max-video-preview:-1"},"canonical":"https:\/\/osteopathe-trinite-sur-mer.fr\/?page_id=301","og_locale":"fr_FR","og_type":"article","og_title":"Jacques SAADA - Cabinet ost\u00e9opathie","og_description":"Jacques SAADA Un cr\u00e9ateur passionn\u00e9 Jacques SAADA est tout d'abord m\u00e9decin hom\u00e9opathe. Passionn\u00e9 d'aviation, il est sp\u00e9cialis\u00e9 en m\u00e9decine a\u00e9rospatiale, pilote et instructeur \u00e0 l'a\u00e9roclub de Quiberon. Sa premi\u00e8re passion qu'est la voile l'a amen\u00e9 \u00e0 travailler pour la voilerie Technique Voile, notamment sur le projet de l'Hydropt\u00e8re en 1994. Il participe par ailleurs \u00e0 [&hellip;]","og_url":"https:\/\/osteopathe-trinite-sur-mer.fr\/?page_id=301","og_site_name":"Cabinet ost\u00e9opathie","article_modified_time":"2022-01-22T18:10:57+00:00","twitter_card":"summary_large_image","schema":{"@context":"https:\/\/schema.org","@graph":[{"@type":"WebPage","@id":"https:\/\/osteopathe-trinite-sur-mer.fr\/?page_id=301","url":"https:\/\/osteopathe-trinite-sur-mer.fr\/?page_id=301","name":"Jacques SAADA - Cabinet ost\u00e9opathie","isPartOf":{"@id":"https:\/\/osteopathe-trinite-sur-mer.fr\/#website"},"datePublished":"2021-01-14T22:19:06+00:00","dateModified":"2022-01-22T18:10:57+00:00","breadcrumb":{"@id":"https:\/\/osteopathe-trinite-sur-mer.fr\/?page_id=301#breadcrumb"},"inLanguage":"fr-FR","potentialAction":[{"@type":"ReadAction","target":["https:\/\/osteopathe-trinite-sur-mer.fr\/?page_id=301"]}]},{"@type":"BreadcrumbList","@id":"https:\/\/osteopathe-trinite-sur-mer.fr\/?page_id=301#breadcrumb","itemListElement":[{"@type":"ListItem","position":1,"name":"Accueil","item":"https:\/\/osteopathe-trinite-sur-mer.fr\/"},{"@type":"ListItem","position":2,"name":"Jacques SAADA"}]},{"@type":"WebSite","@id":"https:\/\/osteopathe-trinite-sur-mer.fr\/#website","url":"https:\/\/osteopathe-trinite-sur-mer.fr\/","name":"Cabinet ost\u00e9opathie la trinit\u00e9-sur-mer","description":"Ost\u00e9opathe La Trinit\u00e9 sur Mer","publisher":{"@id":"https:\/\/osteopathe-trinite-sur-mer.fr\/#organization"},"potentialAction":[{"@type":"SearchAction","target":{"@type":"EntryPoint","urlTemplate":"https:\/\/osteopathe-trinite-sur-mer.fr\/?s={search_term_string}"},"query-input":{"@type":"PropertyValueSpecification","valueRequired":true,"valueName":"search_term_string"}}],"inLanguage":"fr-FR"},{"@type":"Organization","@id":"https:\/\/osteopathe-trinite-sur-mer.fr\/#organization","name":"Cabinet d'ost\u00e9opathie La Trinit\u00e9-sur-Mer","url":"https:\/\/osteopathe-trinite-sur-mer.fr\/","logo":{"@type":"ImageObject","inLanguage":"fr-FR","@id":"https:\/\/osteopathe-trinite-sur-mer.fr\/#\/schema\/logo\/image\/","url":"https:\/\/osteopathe-trinite-sur-mer.fr\/wp-content\/uploads\/2021\/01\/cropped-Sans-titre-1-Recupere.png","contentUrl":"https:\/\/osteopathe-trinite-sur-mer.fr\/wp-content\/uploads\/2021\/01\/cropped-Sans-titre-1-Recupere.png","width":512,"height":512,"caption":"Cabinet d'ost\u00e9opathie La Trinit\u00e9-sur-Mer"},"image":{"@id":"https:\/\/osteopathe-trinite-sur-mer.fr\/#\/schema\/logo\/image\/"},"sameAs":["https:\/\/www.linkedin.com\/authwall?trk=gf&amp;amp;amp;amp;amp;trkInfo=AQEANbnrxSoh1gAAAXeBgYDgT7xjQeibya8V8oaFmHH97QHtWvXoBX5tqjyNQMoNgI9cLl50iLhTdA9_xXb6CI2U4lz5J8Cj2UgJdbzhyvxX4QPEH1jCSPmL5UTC8uAezKIEI2Y=&amp;amp;amp;amp;amp;originalReferer=http:\/\/osteopathe-trinite-sur-mer.fr\/&amp;amp;amp;amp;amp;sessionRedirect=https:\/\/fr.linkedin.com\/public-profile\/in\/charlie-garreau-1b1329a7?trk=people-guest_people_search-card&challengeId=AQF7dkC3nH3hOwAAAXdy70dXWRO4gjpYjxinQG76tYNfY095_KObnW78Ew_Uucp0Dq4L8jEeb0Xc0Ep9fdHvAldv1wMgamqVLg&submissionId=c2b1f584-83e5-6016-a3b7-d204edc9ce7f"]}]}},"_links":{"self":[{"href":"https:\/\/osteopathe-trinite-sur-mer.fr\/index.php?rest_route=\/wp\/v2\/pages\/301"}],"collection":[{"href":"https:\/\/osteopathe-trinite-sur-mer.fr\/index.php?rest_route=\/wp\/v2\/pages"}],"about":[{"href":"https:\/\/osteopathe-trinite-sur-mer.fr\/index.php?rest_route=\/wp\/v2\/types\/page"}],"author":[{"embeddable":true,"href":"https:\/\/osteopathe-trinite-sur-mer.fr\/index.php?rest_route=\/wp\/v2\/users\/1"}],"replies":[{"embeddable":true,"href":"https:\/\/osteopathe-trinite-sur-mer.fr\/index.php?rest_route=%2Fwp%2Fv2%2Fcomments&post=301"}],"version-history":[{"count":41,"href":"https:\/\/osteopathe-trinite-sur-mer.fr\/index.php?rest_route=\/wp\/v2\/pages\/301\/revisions"}],"predecessor-version":[{"id":997,"href":"https:\/\/osteopathe-trinite-sur-mer.fr\/index.php?rest_route=\/wp\/v2\/pages\/301\/revisions\/997"}],"wp:attachment":[{"href":"https:\/\/osteopathe-trinite-sur-mer.fr\/index.php?rest_route=%2Fwp%2Fv2%2Fmedia&parent=301"}],"curies":[{"name":"wp","href":"https:\/\/api.w.org\/{rel}","templated":true}]}}